{"id":28,"date":"2025-05-15T16:08:35","date_gmt":"2025-05-15T14:08:35","guid":{"rendered":"https:\/\/epaccoaerosolsolution.com\/?page_id=28"},"modified":"2026-02-25T09:02:03","modified_gmt":"2026-02-25T08:02:03","slug":"about-us","status":"publish","type":"page","link":"https:\/\/aerosolsolution.com\/en\/about-us\/","title":{"rendered":"About us"},"content":{"rendered":"<div data-elementor-type=\"wp-page\" data-elementor-id=\"28\" class=\"elementor elementor-28\" data-elementor-post-type=\"page\">\n\t\t\t\t<div class=\"elementor-element elementor-element-1009177 e-flex e-con-boxed e-con e-parent\" data-id=\"1009177\" data-element_type=\"container\" data-e-type=\"container\">\n\t\t\t\t\t<div class=\"e-con-inner\">\n\t\t\t\t<div class=\"elementor-element elementor-element-b14e2b1 elementor-widget__width-initial about-us-title elementor-widget elementor-widget-text-editor\" data-id=\"b14e2b1\" data-element_type=\"widget\" data-e-type=\"widget\" data-widget_type=\"text-editor.default\">\n\t\t\t\t<div class=\"elementor-widget-container\">\n\t\t\t\t\t\t\t\t\t<h1><strong>People, processes, and technology <span style=\"color: var(--e-global-color-text);\">\u2014 our recipe for quality<\/span><\/strong><\/h1>\t\t\t\t\t\t\t\t<\/div>\n\t\t\t\t<\/div>\n\t\t\t\t<div class=\"elementor-element elementor-element-5b2a2bc elementor-widget__width-initial elementor-widget elementor-widget-text-editor\" data-id=\"5b2a2bc\" data-element_type=\"widget\" data-e-type=\"widget\" data-widget_type=\"text-editor.default\">\n\t\t\t\t<div class=\"elementor-widget-container\">\n\t\t\t\t\t\t\t\t\t<p>We create solutions for brands that prioritize quality, flexibility, and professional support at every stage of production. We combine technology with dedication to deliver products you can trust.<\/p>\t\t\t\t\t\t\t\t<\/div>\n\t\t\t\t<\/div>\n\t\t\t\t\t<\/div>\n\t\t\t\t<\/div>\n\t\t<div class=\"elementor-element elementor-element-a4c00e4 e-flex e-con-boxed e-con e-parent\" data-id=\"a4c00e4\" data-element_type=\"container\" data-e-type=\"container\">\n\t\t\t\t\t<div class=\"e-con-inner\">\n\t\t<div class=\"elementor-element elementor-element-6e82b98 e-con-full section-container e-flex e-con e-child\" data-id=\"6e82b98\" data-element_type=\"container\" data-e-type=\"container\">\n\t\t\t\t<div class=\"elementor-element elementor-element-c649a3f elementor-widget__width-initial elementor-widget elementor-widget-image\" data-id=\"c649a3f\" data-element_type=\"widget\" data-e-type=\"widget\" data-widget_type=\"image.default\">\n\t\t\t\t<div class=\"elementor-widget-container\">\n\t\t\t\t\t\t\t\t\t\t\t\t\t\t\t<img fetchpriority=\"high\" decoding=\"async\" width=\"800\" height=\"534\" src=\"https:\/\/aerosolsolution.com\/wp-content\/uploads\/2025\/05\/mid-adult-worker-operating-cnc-machine-while-working-industrial-facility-1024x683.jpg\" class=\"attachment-large size-large wp-image-203\" alt=\"Pracownik w zak\u0142adzie przemys\u0142owym obs\u0142uguj\u0105cy maszyn\u0119 w hali produkcyjnej\" srcset=\"https:\/\/aerosolsolution.com\/wp-content\/uploads\/2025\/05\/mid-adult-worker-operating-cnc-machine-while-working-industrial-facility-1024x683.jpg 1024w, https:\/\/aerosolsolution.com\/wp-content\/uploads\/2025\/05\/mid-adult-worker-operating-cnc-machine-while-working-industrial-facility-300x200.jpg 300w, https:\/\/aerosolsolution.com\/wp-content\/uploads\/2025\/05\/mid-adult-worker-operating-cnc-machine-while-working-industrial-facility-768x512.jpg 768w, https:\/\/aerosolsolution.com\/wp-content\/uploads\/2025\/05\/mid-adult-worker-operating-cnc-machine-while-working-industrial-facility-1536x1024.jpg 1536w, https:\/\/aerosolsolution.com\/wp-content\/uploads\/2025\/05\/mid-adult-worker-operating-cnc-machine-while-working-industrial-facility-2048x1365.jpg 2048w\" sizes=\"(max-width: 800px) 100vw, 800px\" \/>\t\t\t\t\t\t\t\t\t\t\t\t\t\t\t<\/div>\n\t\t\t\t<\/div>\n\t\t<div class=\"elementor-element elementor-element-f62abb3 e-con-full section-text-container e-flex e-con e-child\" data-id=\"f62abb3\" data-element_type=\"container\" data-e-type=\"container\" data-settings=\"{&quot;background_background&quot;:&quot;classic&quot;}\">\n\t\t\t\t<div class=\"elementor-element elementor-element-7b6b6de capitalized-heading elementor-widget elementor-widget-heading\" data-id=\"7b6b6de\" data-element_type=\"widget\" data-e-type=\"widget\" data-widget_type=\"heading.default\">\n\t\t\t\t<div class=\"elementor-widget-container\">\n\t\t\t\t\t<h2 class=\"elementor-heading-title elementor-size-default\">A cohesive and dedicated team<\/h2>\t\t\t\t<\/div>\n\t\t\t\t<\/div>\n\t\t\t\t<div class=\"elementor-element elementor-element-cd953b6 elementor-widget elementor-widget-text-editor\" data-id=\"cd953b6\" data-element_type=\"widget\" data-e-type=\"widget\" data-widget_type=\"text-editor.default\">\n\t\t\t\t<div class=\"elementor-widget-container\">\n\t\t\t\t\t\t\t\t\t<p>The ePACCO team consists of specialists united by passion, precision, and attention to every stage of the process. Thanks to a modern approach and close collaboration, we are able to complete orders quickly, efficiently, and at the highest level.<\/p>\t\t\t\t\t\t\t\t<\/div>\n\t\t\t\t<\/div>\n\t\t\t\t<\/div>\n\t\t\t\t<\/div>\n\t\t<div class=\"elementor-element elementor-element-b0ca9ce e-con-full section-container e-flex e-con e-child\" data-id=\"b0ca9ce\" data-element_type=\"container\" data-e-type=\"container\">\n\t\t<div class=\"elementor-element elementor-element-cd839cc e-con-full section-text-container e-flex e-con e-child\" data-id=\"cd839cc\" data-element_type=\"container\" data-e-type=\"container\" data-settings=\"{&quot;background_background&quot;:&quot;classic&quot;}\">\n\t\t\t\t<div class=\"elementor-element elementor-element-965e748 capitalized-heading elementor-widget elementor-widget-heading\" data-id=\"965e748\" data-element_type=\"widget\" data-e-type=\"widget\" data-widget_type=\"heading.default\">\n\t\t\t\t<div class=\"elementor-widget-container\">\n\t\t\t\t\t<h2 class=\"elementor-heading-title elementor-size-default\">A trusted partner<\/h2>\t\t\t\t<\/div>\n\t\t\t\t<\/div>\n\t\t\t\t<div class=\"elementor-element elementor-element-6150fc7 elementor-widget elementor-widget-text-editor\" data-id=\"6150fc7\" data-element_type=\"widget\" data-e-type=\"widget\" data-widget_type=\"text-editor.default\">\n\t\t\t\t<div class=\"elementor-widget-container\">\n\t\t\t\t\t\t\t\t\t<p>Our strength lies in the quality of our services and commitment, which translate into lasting relationships with our clients. Customers choose ePACCO because they value reliability, flexible approach, and thorough execution of every project.<\/p>\t\t\t\t\t\t\t\t<\/div>\n\t\t\t\t<\/div>\n\t\t\t\t<\/div>\n\t\t\t\t<div class=\"elementor-element elementor-element-1ee12ad elementor-widget__width-initial elementor-widget elementor-widget-image\" data-id=\"1ee12ad\" data-element_type=\"widget\" data-e-type=\"widget\" data-widget_type=\"image.default\">\n\t\t\t\t<div class=\"elementor-widget-container\">\n\t\t\t\t\t\t\t\t\t\t\t\t\t\t\t<img decoding=\"async\" width=\"800\" height=\"534\" src=\"https:\/\/aerosolsolution.com\/wp-content\/uploads\/2025\/05\/closeup-two-business-men-shaking-hands-1024x683.jpg\" class=\"attachment-large size-large wp-image-226\" alt=\"U\u015bcisk d\u0142oni dw\u00f3ch os\u00f3b \u2013 symbol wsp\u00f3\u0142pracy biznesowej\" srcset=\"https:\/\/aerosolsolution.com\/wp-content\/uploads\/2025\/05\/closeup-two-business-men-shaking-hands-1024x683.jpg 1024w, https:\/\/aerosolsolution.com\/wp-content\/uploads\/2025\/05\/closeup-two-business-men-shaking-hands-300x200.jpg 300w, https:\/\/aerosolsolution.com\/wp-content\/uploads\/2025\/05\/closeup-two-business-men-shaking-hands-768x512.jpg 768w, https:\/\/aerosolsolution.com\/wp-content\/uploads\/2025\/05\/closeup-two-business-men-shaking-hands-1536x1024.jpg 1536w, https:\/\/aerosolsolution.com\/wp-content\/uploads\/2025\/05\/closeup-two-business-men-shaking-hands-2048x1365.jpg 2048w\" sizes=\"(max-width: 800px) 100vw, 800px\" \/>\t\t\t\t\t\t\t\t\t\t\t\t\t\t\t<\/div>\n\t\t\t\t<\/div>\n\t\t\t\t<\/div>\n\t\t<div class=\"elementor-element elementor-element-0c8fecc e-con-full section-container e-flex e-con e-child\" data-id=\"0c8fecc\" data-element_type=\"container\" data-e-type=\"container\">\n\t\t\t\t<div class=\"elementor-element elementor-element-2f802bd elementor-widget__width-initial elementor-widget elementor-widget-image\" data-id=\"2f802bd\" data-element_type=\"widget\" data-e-type=\"widget\" data-widget_type=\"image.default\">\n\t\t\t\t<div class=\"elementor-widget-container\">\n\t\t\t\t\t\t\t\t\t\t\t\t\t\t\t<img decoding=\"async\" width=\"800\" height=\"534\" src=\"https:\/\/aerosolsolution.com\/wp-content\/uploads\/2025\/05\/close-up-researcher-holding-glassware-1024x683.png\" class=\"attachment-large size-large wp-image-227\" alt=\"Pracownik laboratorium w r\u0119kawiczkach trzymaj\u0105cy kolb\u0119 i prob\u00f3wk\u0119 z ciecz\u0105 przy stanowisku badawczym\" srcset=\"https:\/\/aerosolsolution.com\/wp-content\/uploads\/2025\/05\/close-up-researcher-holding-glassware-1024x683.png 1024w, https:\/\/aerosolsolution.com\/wp-content\/uploads\/2025\/05\/close-up-researcher-holding-glassware-300x200.png 300w, https:\/\/aerosolsolution.com\/wp-content\/uploads\/2025\/05\/close-up-researcher-holding-glassware-768x512.png 768w, https:\/\/aerosolsolution.com\/wp-content\/uploads\/2025\/05\/close-up-researcher-holding-glassware-1536x1024.png 1536w, https:\/\/aerosolsolution.com\/wp-content\/uploads\/2025\/05\/close-up-researcher-holding-glassware-2048x1365.png 2048w\" sizes=\"(max-width: 800px) 100vw, 800px\" \/>\t\t\t\t\t\t\t\t\t\t\t\t\t\t\t<\/div>\n\t\t\t\t<\/div>\n\t\t<div class=\"elementor-element elementor-element-1c08512 e-con-full section-text-container e-flex e-con e-child\" data-id=\"1c08512\" data-element_type=\"container\" data-e-type=\"container\" data-settings=\"{&quot;background_background&quot;:&quot;classic&quot;}\">\n\t\t\t\t<div class=\"elementor-element elementor-element-ea381ff capitalized-heading elementor-widget elementor-widget-heading\" data-id=\"ea381ff\" data-element_type=\"widget\" data-e-type=\"widget\" data-widget_type=\"heading.default\">\n\t\t\t\t<div class=\"elementor-widget-container\">\n\t\t\t\t\t<h2 class=\"elementor-heading-title elementor-size-default\">Laboratory and quality control<\/h2>\t\t\t\t<\/div>\n\t\t\t\t<\/div>\n\t\t\t\t<div class=\"elementor-element elementor-element-2ac823b elementor-widget elementor-widget-text-editor\" data-id=\"2ac823b\" data-element_type=\"widget\" data-e-type=\"widget\" data-widget_type=\"text-editor.default\">\n\t\t\t\t<div class=\"elementor-widget-container\">\n\t\t\t\t\t\t\t\t\t<p>Our in-house research facilities and extensive quality control measures allow us to monitor every stage of production. This enables us to deliver safe, standards-compliant solutions tailored to individual expectations.<\/p>\t\t\t\t\t\t\t\t<\/div>\n\t\t\t\t<\/div>\n\t\t\t\t<\/div>\n\t\t\t\t<\/div>\n\t\t<div class=\"elementor-element elementor-element-5158fe9 e-con-full section-container e-flex e-con e-child\" data-id=\"5158fe9\" data-element_type=\"container\" data-e-type=\"container\">\n\t\t<div class=\"elementor-element elementor-element-efb3863 e-con-full section-text-container e-flex e-con e-child\" data-id=\"efb3863\" data-element_type=\"container\" data-e-type=\"container\" data-settings=\"{&quot;background_background&quot;:&quot;classic&quot;}\">\n\t\t\t\t<div class=\"elementor-element elementor-element-afe8ebc capitalized-heading elementor-widget elementor-widget-heading\" data-id=\"afe8ebc\" data-element_type=\"widget\" data-e-type=\"widget\" data-widget_type=\"heading.default\">\n\t\t\t\t<div class=\"elementor-widget-container\">\n\t\t\t\t\t<h2 class=\"elementor-heading-title elementor-size-default\">Storage<\/h2>\t\t\t\t<\/div>\n\t\t\t\t<\/div>\n\t\t\t\t<div class=\"elementor-element elementor-element-7c64247 elementor-widget elementor-widget-text-editor\" data-id=\"7c64247\" data-element_type=\"widget\" data-e-type=\"widget\" data-widget_type=\"text-editor.default\">\n\t\t\t\t<div class=\"elementor-widget-container\">\n\t\t\t\t\t\t\t\t\t<p>We provide clients with access to warehouse space for temporary storage of materials and raw ingredients used in production. This practical solution supports smooth order fulfillment.<\/p>\t\t\t\t\t\t\t\t<\/div>\n\t\t\t\t<\/div>\n\t\t\t\t<\/div>\n\t\t\t\t<div class=\"elementor-element elementor-element-a69f14f elementor-widget__width-initial elementor-widget elementor-widget-image\" data-id=\"a69f14f\" data-element_type=\"widget\" data-e-type=\"widget\" data-widget_type=\"image.default\">\n\t\t\t\t<div class=\"elementor-widget-container\">\n\t\t\t\t\t\t\t\t\t\t\t\t\t\t\t<img loading=\"lazy\" decoding=\"async\" width=\"800\" height=\"534\" src=\"https:\/\/aerosolsolution.com\/wp-content\/uploads\/2025\/05\/view-full-warehouse-with-forklift-1024x683.jpg\" class=\"attachment-large size-large wp-image-224\" alt=\"Nowoczesny magazyn z rega\u0142ami wysokiego sk\u0142adowania i paletami gotowych produkt\u00f3w\" srcset=\"https:\/\/aerosolsolution.com\/wp-content\/uploads\/2025\/05\/view-full-warehouse-with-forklift-1024x683.jpg 1024w, https:\/\/aerosolsolution.com\/wp-content\/uploads\/2025\/05\/view-full-warehouse-with-forklift-300x200.jpg 300w, https:\/\/aerosolsolution.com\/wp-content\/uploads\/2025\/05\/view-full-warehouse-with-forklift-768x512.jpg 768w, https:\/\/aerosolsolution.com\/wp-content\/uploads\/2025\/05\/view-full-warehouse-with-forklift-1536x1024.jpg 1536w, https:\/\/aerosolsolution.com\/wp-content\/uploads\/2025\/05\/view-full-warehouse-with-forklift-2048x1365.jpg 2048w\" sizes=\"(max-width: 800px) 100vw, 800px\" \/>\t\t\t\t\t\t\t\t\t\t\t\t\t\t\t<\/div>\n\t\t\t\t<\/div>\n\t\t\t\t<\/div>\n\t\t\t\t\t<\/div>\n\t\t\t\t<\/div>\n\t\t\t\t<\/div>","protected":false},"excerpt":{"rendered":"<p>Ludzie, procesy i technologia \u2014 to nasza recepta na jako\u015b\u0107\u200b Tworzymy rozwi\u0105zania dla marek, kt\u00f3re stawiaj\u0105 na jako\u015b\u0107, elastyczno\u015b\u0107 i profesjonalne wsparcie na ka\u017cdym etapie produkcji. \u0141\u0105czymy technologi\u0119 z zaanga\u017cowaniem, by dostarcza\u0107 produkty, kt\u00f3rym mo\u017cna zaufa\u0107. Zgrany i zaanga\u017cowany zesp\u00f3\u0142 Zesp\u00f3\u0142 ePACCO tworz\u0105 specjali\u015bci, kt\u00f3rych \u0142\u0105czy pasja, precyzja i dba\u0142o\u015b\u0107 o ka\u017cdy etap procesu. Dzi\u0119ki [&hellip;]<\/p>\n","protected":false},"author":1,"featured_media":0,"parent":0,"menu_order":0,"comment_status":"closed","ping_status":"closed","template":"","meta":{"footnotes":""},"class_list":["post-28","page","type-page","status-publish","hentry"],"_links":{"self":[{"href":"https:\/\/aerosolsolution.com\/en\/wp-json\/wp\/v2\/pages\/28","targetHints":{"allow":["GET"]}}],"collection":[{"href":"https:\/\/aerosolsolution.com\/en\/wp-json\/wp\/v2\/pages"}],"about":[{"href":"https:\/\/aerosolsolution.com\/en\/wp-json\/wp\/v2\/types\/page"}],"author":[{"embeddable":true,"href":"https:\/\/aerosolsolution.com\/en\/wp-json\/wp\/v2\/users\/1"}],"replies":[{"embeddable":true,"href":"https:\/\/aerosolsolution.com\/en\/wp-json\/wp\/v2\/comments?post=28"}],"version-history":[{"count":85,"href":"https:\/\/aerosolsolution.com\/en\/wp-json\/wp\/v2\/pages\/28\/revisions"}],"predecessor-version":[{"id":959,"href":"https:\/\/aerosolsolution.com\/en\/wp-json\/wp\/v2\/pages\/28\/revisions\/959"}],"wp:attachment":[{"href":"https:\/\/aerosolsolution.com\/en\/wp-json\/wp\/v2\/media?parent=28"}],"curies":[{"name":"wp","href":"https:\/\/api.w.org\/{rel}","templated":true}]}}