{"id":30,"date":"2025-05-15T16:08:52","date_gmt":"2025-05-15T14:08:52","guid":{"rendered":"https:\/\/epaccoaerosolsolution.com\/?page_id=30"},"modified":"2026-02-25T09:02:16","modified_gmt":"2026-02-25T08:02:16","slug":"offer","status":"publish","type":"page","link":"https:\/\/aerosolsolution.com\/en\/offer\/","title":{"rendered":"Offer"},"content":{"rendered":"<div data-elementor-type=\"wp-page\" data-elementor-id=\"30\" class=\"elementor elementor-30\" data-elementor-post-type=\"page\">\n\t\t\t\t<div class=\"elementor-element elementor-element-21511a1 e-flex e-con-boxed e-con e-parent\" data-id=\"21511a1\" data-element_type=\"container\" data-e-type=\"container\">\n\t\t\t\t\t<div class=\"e-con-inner\">\n\t\t\t\t<div class=\"elementor-element elementor-element-b0a71c2 elementor-widget__width-initial offer-title elementor-widget elementor-widget-text-editor\" data-id=\"b0a71c2\" data-element_type=\"widget\" data-e-type=\"widget\" data-widget_type=\"text-editor.default\">\n\t\t\t\t<div class=\"elementor-widget-container\">\n\t\t\t\t\t\t\t\t\t<h1><strong>We take care of everything <span style=\"color: var(--e-global-color-text);\">\u2014 from the formulation to the finished product<\/span><\/strong><\/h1>\t\t\t\t\t\t\t\t<\/div>\n\t\t\t\t<\/div>\n\t\t\t\t<div class=\"elementor-element elementor-element-f62420c elementor-widget__width-initial elementor-widget elementor-widget-text-editor\" data-id=\"f62420c\" data-element_type=\"widget\" data-e-type=\"widget\" data-widget_type=\"text-editor.default\">\n\t\t\t\t<div class=\"elementor-widget-container\">\n\t\t\t\t\t\t\t\t\t<p>We support brands at every stage of product development \u2014 from creating the formula, selecting components and packaging, to filling, labeling, and graphic support. Our offer combines flexibility, safety, and precision \u2014 all in one place.<\/p>\t\t\t\t\t\t\t\t<\/div>\n\t\t\t\t<\/div>\n\t\t\t\t\t<\/div>\n\t\t\t\t<\/div>\n\t\t<div class=\"elementor-element elementor-element-ba15936 e-flex e-con-boxed e-con e-parent\" data-id=\"ba15936\" data-element_type=\"container\" data-e-type=\"container\">\n\t\t\t\t\t<div class=\"e-con-inner\">\n\t\t<div class=\"elementor-element elementor-element-9ac7cc0 e-con-full section-container e-flex e-con e-child\" data-id=\"9ac7cc0\" data-element_type=\"container\" data-e-type=\"container\">\n\t\t\t\t<div class=\"elementor-element elementor-element-356dfbe elementor-widget__width-initial elementor-widget elementor-widget-image\" data-id=\"356dfbe\" data-element_type=\"widget\" data-e-type=\"widget\" data-widget_type=\"image.default\">\n\t\t\t\t<div class=\"elementor-widget-container\">\n\t\t\t\t\t\t\t\t\t\t\t\t\t\t\t<img fetchpriority=\"high\" decoding=\"async\" width=\"800\" height=\"603\" src=\"https:\/\/aerosolsolution.com\/wp-content\/uploads\/2025\/05\/professional-researcher-lab-1024x772.jpg\" class=\"attachment-large size-large wp-image-255\" alt=\"Pracownik laboratorium w r\u0119kawiczkach i maseczce analizuje pr\u00f3bki chemiczne w prob\u00f3wkach\" srcset=\"https:\/\/aerosolsolution.com\/wp-content\/uploads\/2025\/05\/professional-researcher-lab-1024x772.jpg 1024w, https:\/\/aerosolsolution.com\/wp-content\/uploads\/2025\/05\/professional-researcher-lab-300x226.jpg 300w, https:\/\/aerosolsolution.com\/wp-content\/uploads\/2025\/05\/professional-researcher-lab-768x579.jpg 768w, https:\/\/aerosolsolution.com\/wp-content\/uploads\/2025\/05\/professional-researcher-lab-1536x1158.jpg 1536w, https:\/\/aerosolsolution.com\/wp-content\/uploads\/2025\/05\/professional-researcher-lab-2048x1544.jpg 2048w\" sizes=\"(max-width: 800px) 100vw, 800px\" \/>\t\t\t\t\t\t\t\t\t\t\t\t\t\t\t<\/div>\n\t\t\t\t<\/div>\n\t\t<div class=\"elementor-element elementor-element-6f360d8 e-con-full section-text-container e-flex e-con e-child\" data-id=\"6f360d8\" data-element_type=\"container\" data-e-type=\"container\" data-settings=\"{&quot;background_background&quot;:&quot;classic&quot;}\">\n\t\t\t\t<div class=\"elementor-element elementor-element-c1fdf13 capitalized-heading elementor-widget elementor-widget-heading\" data-id=\"c1fdf13\" data-element_type=\"widget\" data-e-type=\"widget\" data-widget_type=\"heading.default\">\n\t\t\t\t<div class=\"elementor-widget-container\">\n\t\t\t\t\t<h2 class=\"elementor-heading-title elementor-size-default\">Custom formulation development<\/h2>\t\t\t\t<\/div>\n\t\t\t\t<\/div>\n\t\t\t\t<div class=\"elementor-element elementor-element-dceb2ae elementor-widget elementor-widget-text-editor\" data-id=\"dceb2ae\" data-element_type=\"widget\" data-e-type=\"widget\" data-widget_type=\"text-editor.default\">\n\t\t\t\t<div class=\"elementor-widget-container\">\n\t\t\t\t\t\t\t\t\t<p>We create formulas tailored to the individual needs of the client \u2014 from simple compositions to advanced chemical solutions. We work based on guidelines or independently design products from scratch, following current regulations and the intended final use.<\/p>\t\t\t\t\t\t\t\t<\/div>\n\t\t\t\t<\/div>\n\t\t\t\t<\/div>\n\t\t\t\t<\/div>\n\t\t<div class=\"elementor-element elementor-element-9a589ed e-con-full section-container e-flex e-con e-child\" data-id=\"9a589ed\" data-element_type=\"container\" data-e-type=\"container\">\n\t\t<div class=\"elementor-element elementor-element-fd01697 e-con-full section-text-container e-flex e-con e-child\" data-id=\"fd01697\" data-element_type=\"container\" data-e-type=\"container\" data-settings=\"{&quot;background_background&quot;:&quot;classic&quot;}\">\n\t\t\t\t<div class=\"elementor-element elementor-element-d205236 capitalized-heading elementor-widget elementor-widget-heading\" data-id=\"d205236\" data-element_type=\"widget\" data-e-type=\"widget\" data-widget_type=\"heading.default\">\n\t\t\t\t<div class=\"elementor-widget-container\">\n\t\t\t\t\t<h2 class=\"elementor-heading-title elementor-size-default\">Wide selection of propellant gases<\/h2>\t\t\t\t<\/div>\n\t\t\t\t<\/div>\n\t\t\t\t<div class=\"elementor-element elementor-element-465974d elementor-widget elementor-widget-text-editor\" data-id=\"465974d\" data-element_type=\"widget\" data-e-type=\"widget\" data-widget_type=\"text-editor.default\">\n\t\t\t\t<div class=\"elementor-widget-container\">\n\t\t\t\t\t\t\t\t\t<p>We select appropriate propellants for the formula and type of application \u2014 offering, among others, propane, butane, DME, and their mixtures. We adjust concentrations and proportions to meet the required performance, spray force, and formula stability.<\/p>\t\t\t\t\t\t\t\t<\/div>\n\t\t\t\t<\/div>\n\t\t\t\t<\/div>\n\t\t\t\t<div class=\"elementor-element elementor-element-fb7f1cd elementor-widget__width-initial elementor-widget elementor-widget-image\" data-id=\"fb7f1cd\" data-element_type=\"widget\" data-e-type=\"widget\" data-widget_type=\"image.default\">\n\t\t\t\t<div class=\"elementor-widget-container\">\n\t\t\t\t\t\t\t\t\t\t\t\t\t\t\t<img decoding=\"async\" width=\"800\" height=\"571\" src=\"https:\/\/aerosolsolution.com\/wp-content\/uploads\/2025\/05\/gazy-1024x731.jpg\" class=\"attachment-large size-large wp-image-246\" alt=\"Rz\u0105d niebieskich butli ci\u015bnieniowych z manometrami\" srcset=\"https:\/\/aerosolsolution.com\/wp-content\/uploads\/2025\/05\/gazy-1024x731.jpg 1024w, https:\/\/aerosolsolution.com\/wp-content\/uploads\/2025\/05\/gazy-300x214.jpg 300w, https:\/\/aerosolsolution.com\/wp-content\/uploads\/2025\/05\/gazy-768x549.jpg 768w, https:\/\/aerosolsolution.com\/wp-content\/uploads\/2025\/05\/gazy-1536x1097.jpg 1536w, https:\/\/aerosolsolution.com\/wp-content\/uploads\/2025\/05\/gazy-2048x1463.jpg 2048w\" sizes=\"(max-width: 800px) 100vw, 800px\" \/>\t\t\t\t\t\t\t\t\t\t\t\t\t\t\t<\/div>\n\t\t\t\t<\/div>\n\t\t\t\t<\/div>\n\t\t<div class=\"elementor-element elementor-element-22e59df e-con-full section-container e-flex e-con e-child\" data-id=\"22e59df\" data-element_type=\"container\" data-e-type=\"container\">\n\t\t\t\t<div class=\"elementor-element elementor-element-c230f0f elementor-widget__width-initial elementor-widget elementor-widget-image\" data-id=\"c230f0f\" data-element_type=\"widget\" data-e-type=\"widget\" data-widget_type=\"image.default\">\n\t\t\t\t<div class=\"elementor-widget-container\">\n\t\t\t\t\t\t\t\t\t\t\t\t\t\t\t<img decoding=\"async\" width=\"800\" height=\"534\" src=\"https:\/\/aerosolsolution.com\/wp-content\/uploads\/2025\/05\/close-up-spray-bottle_4-1024x683.jpg\" class=\"attachment-large size-large wp-image-257\" alt=\"Zbli\u017cenie na puszki aerozolu, jedna z nich wyr\u00f3\u017cniona \u017c\u00f3\u0142tym elementem\" srcset=\"https:\/\/aerosolsolution.com\/wp-content\/uploads\/2025\/05\/close-up-spray-bottle_4-1024x683.jpg 1024w, https:\/\/aerosolsolution.com\/wp-content\/uploads\/2025\/05\/close-up-spray-bottle_4-300x200.jpg 300w, https:\/\/aerosolsolution.com\/wp-content\/uploads\/2025\/05\/close-up-spray-bottle_4-768x512.jpg 768w, https:\/\/aerosolsolution.com\/wp-content\/uploads\/2025\/05\/close-up-spray-bottle_4-1536x1024.jpg 1536w, https:\/\/aerosolsolution.com\/wp-content\/uploads\/2025\/05\/close-up-spray-bottle_4-2048x1365.jpg 2048w\" sizes=\"(max-width: 800px) 100vw, 800px\" \/>\t\t\t\t\t\t\t\t\t\t\t\t\t\t\t<\/div>\n\t\t\t\t<\/div>\n\t\t<div class=\"elementor-element elementor-element-b887bcb e-con-full section-text-container e-flex e-con e-child\" data-id=\"b887bcb\" data-element_type=\"container\" data-e-type=\"container\" data-settings=\"{&quot;background_background&quot;:&quot;classic&quot;}\">\n\t\t\t\t<div class=\"elementor-element elementor-element-a18df9b capitalized-heading elementor-widget elementor-widget-heading\" data-id=\"a18df9b\" data-element_type=\"widget\" data-e-type=\"widget\" data-widget_type=\"heading.default\">\n\t\t\t\t<div class=\"elementor-widget-container\">\n\t\t\t\t\t<h2 class=\"elementor-heading-title elementor-size-default\">Product stability testing<\/h2>\t\t\t\t<\/div>\n\t\t\t\t<\/div>\n\t\t\t\t<div class=\"elementor-element elementor-element-9250351 elementor-widget elementor-widget-text-editor\" data-id=\"9250351\" data-element_type=\"widget\" data-e-type=\"widget\" data-widget_type=\"text-editor.default\">\n\t\t\t\t<div class=\"elementor-widget-container\">\n\t\t\t\t\t\t\t\t\t<p>We conduct long-term aging tests to assess the physicochemical stability of products and the durability of packaging components. This allows us to guarantee that the product will perform properly even after many months on the shelf.<\/p>\t\t\t\t\t\t\t\t<\/div>\n\t\t\t\t<\/div>\n\t\t\t\t<\/div>\n\t\t\t\t<\/div>\n\t\t<div class=\"elementor-element elementor-element-c6db179 e-con-full section-container e-flex e-con e-child\" data-id=\"c6db179\" data-element_type=\"container\" data-e-type=\"container\">\n\t\t<div class=\"elementor-element elementor-element-d8b88b0 e-con-full section-text-container e-flex e-con e-child\" data-id=\"d8b88b0\" data-element_type=\"container\" data-e-type=\"container\" data-settings=\"{&quot;background_background&quot;:&quot;classic&quot;}\">\n\t\t\t\t<div class=\"elementor-element elementor-element-049d723 capitalized-heading elementor-widget elementor-widget-heading\" data-id=\"049d723\" data-element_type=\"widget\" data-e-type=\"widget\" data-widget_type=\"heading.default\">\n\t\t\t\t<div class=\"elementor-widget-container\">\n\t\t\t\t\t<h2 class=\"elementor-heading-title elementor-size-default\">Preparation of chemical documentation<\/h2>\t\t\t\t<\/div>\n\t\t\t\t<\/div>\n\t\t\t\t<div class=\"elementor-element elementor-element-ac195ce elementor-widget elementor-widget-text-editor\" data-id=\"ac195ce\" data-element_type=\"widget\" data-e-type=\"widget\" data-widget_type=\"text-editor.default\">\n\t\t\t\t<div class=\"elementor-widget-container\">\n\t\t\t\t\t\t\t\t\t<p>We offer translations and preparation of Safety Data Sheets (SDS) in accordance with current EU requirements and international markets. We ensure technical accuracy and compliance with applicable chemical regulations.<\/p>\t\t\t\t\t\t\t\t<\/div>\n\t\t\t\t<\/div>\n\t\t\t\t<\/div>\n\t\t\t\t<div class=\"elementor-element elementor-element-9854946 elementor-widget__width-initial elementor-widget elementor-widget-image\" data-id=\"9854946\" data-element_type=\"widget\" data-e-type=\"widget\" data-widget_type=\"image.default\">\n\t\t\t\t<div class=\"elementor-widget-container\">\n\t\t\t\t\t\t\t\t\t\t\t\t\t\t\t<img loading=\"lazy\" decoding=\"async\" width=\"800\" height=\"534\" src=\"https:\/\/aerosolsolution.com\/wp-content\/uploads\/2025\/05\/young-adult-organizing-documents-1024x683.jpg\" class=\"attachment-large size-large wp-image-258\" alt=\"Kobieta porz\u0105dkuj\u0105ca dokumenty i teczki na biurku w biurze firmy\" srcset=\"https:\/\/aerosolsolution.com\/wp-content\/uploads\/2025\/05\/young-adult-organizing-documents-1024x683.jpg 1024w, https:\/\/aerosolsolution.com\/wp-content\/uploads\/2025\/05\/young-adult-organizing-documents-300x200.jpg 300w, https:\/\/aerosolsolution.com\/wp-content\/uploads\/2025\/05\/young-adult-organizing-documents-768x512.jpg 768w, https:\/\/aerosolsolution.com\/wp-content\/uploads\/2025\/05\/young-adult-organizing-documents-1536x1024.jpg 1536w, https:\/\/aerosolsolution.com\/wp-content\/uploads\/2025\/05\/young-adult-organizing-documents-2048x1365.jpg 2048w\" sizes=\"(max-width: 800px) 100vw, 800px\" \/>\t\t\t\t\t\t\t\t\t\t\t\t\t\t\t<\/div>\n\t\t\t\t<\/div>\n\t\t\t\t<\/div>\n\t\t<div class=\"elementor-element elementor-element-5d4e1cb e-con-full section-container e-flex e-con e-child\" data-id=\"5d4e1cb\" data-element_type=\"container\" data-e-type=\"container\">\n\t\t\t\t<div class=\"elementor-element elementor-element-4cc0ff1 elementor-widget__width-initial elementor-widget elementor-widget-image\" data-id=\"4cc0ff1\" data-element_type=\"widget\" data-e-type=\"widget\" data-widget_type=\"image.default\">\n\t\t\t\t<div class=\"elementor-widget-container\">\n\t\t\t\t\t\t\t\t\t\t\t\t\t\t\t<img loading=\"lazy\" decoding=\"async\" width=\"800\" height=\"534\" src=\"https:\/\/aerosolsolution.com\/wp-content\/uploads\/2025\/05\/ChatGPT-Image-22-maj-2025-18_12_25-1024x683.png\" class=\"attachment-large size-large wp-image-247\" alt=\"Nowoczesna hala produkcyjna firmy z lini\u0105 do nape\u0142niania i pakowania aerozoli\" srcset=\"https:\/\/aerosolsolution.com\/wp-content\/uploads\/2025\/05\/ChatGPT-Image-22-maj-2025-18_12_25-1024x683.png 1024w, https:\/\/aerosolsolution.com\/wp-content\/uploads\/2025\/05\/ChatGPT-Image-22-maj-2025-18_12_25-300x200.png 300w, https:\/\/aerosolsolution.com\/wp-content\/uploads\/2025\/05\/ChatGPT-Image-22-maj-2025-18_12_25-768x512.png 768w, https:\/\/aerosolsolution.com\/wp-content\/uploads\/2025\/05\/ChatGPT-Image-22-maj-2025-18_12_25.png 1536w\" sizes=\"(max-width: 800px) 100vw, 800px\" \/>\t\t\t\t\t\t\t\t\t\t\t\t\t\t\t<\/div>\n\t\t\t\t<\/div>\n\t\t<div class=\"elementor-element elementor-element-10bf220 e-con-full section-text-container e-flex e-con e-child\" data-id=\"10bf220\" data-element_type=\"container\" data-e-type=\"container\" data-settings=\"{&quot;background_background&quot;:&quot;classic&quot;}\">\n\t\t\t\t<div class=\"elementor-element elementor-element-237c10f capitalized-heading elementor-widget elementor-widget-heading\" data-id=\"237c10f\" data-element_type=\"widget\" data-e-type=\"widget\" data-widget_type=\"heading.default\">\n\t\t\t\t<div class=\"elementor-widget-container\">\n\t\t\t\t\t<h2 class=\"elementor-heading-title elementor-size-default\">Automated production lines<\/h2>\t\t\t\t<\/div>\n\t\t\t\t<\/div>\n\t\t\t\t<div class=\"elementor-element elementor-element-42f646e elementor-widget elementor-widget-text-editor\" data-id=\"42f646e\" data-element_type=\"widget\" data-e-type=\"widget\" data-widget_type=\"text-editor.default\">\n\t\t\t\t<div class=\"elementor-widget-container\">\n\t\t\t\t\t\t\t\t\t<p>Thanks to our automated production line, we fulfill orders quickly and precisely. We fill aerosols with capacities from 50 to 750 ml, handling can diameters from 35 to 65 mm. We work with aluminum and steel packaging.<\/p>\t\t\t\t\t\t\t\t<\/div>\n\t\t\t\t<\/div>\n\t\t\t\t<\/div>\n\t\t\t\t<\/div>\n\t\t<div class=\"elementor-element elementor-element-e1c66fc e-con-full section-container e-flex e-con e-child\" data-id=\"e1c66fc\" data-element_type=\"container\" data-e-type=\"container\">\n\t\t<div class=\"elementor-element elementor-element-b3a9aa2 e-con-full section-text-container e-flex e-con e-child\" data-id=\"b3a9aa2\" data-element_type=\"container\" data-e-type=\"container\" data-settings=\"{&quot;background_background&quot;:&quot;classic&quot;}\">\n\t\t\t\t<div class=\"elementor-element elementor-element-017e1aa capitalized-heading elementor-widget elementor-widget-heading\" data-id=\"017e1aa\" data-element_type=\"widget\" data-e-type=\"widget\" data-widget_type=\"heading.default\">\n\t\t\t\t<div class=\"elementor-widget-container\">\n\t\t\t\t\t<h2 class=\"elementor-heading-title elementor-size-default\">Wide selection of valves<\/h2>\t\t\t\t<\/div>\n\t\t\t\t<\/div>\n\t\t\t\t<div class=\"elementor-element elementor-element-544a61c elementor-widget elementor-widget-text-editor\" data-id=\"544a61c\" data-element_type=\"widget\" data-e-type=\"widget\" data-widget_type=\"text-editor.default\">\n\t\t\t\t<div class=\"elementor-widget-container\">\n\t\t\t\t\t\t\t\t\t<p>Depending on the application, we offer standard valves, metering valves, 360\u00b0 valves, as well as Bag-on-Valve (BOV) systems \u2014 ideal for medical, cosmetic, or food products. We help you choose the right solution for your project.<\/p>\t\t\t\t\t\t\t\t<\/div>\n\t\t\t\t<\/div>\n\t\t\t\t<\/div>\n\t\t\t\t<div class=\"elementor-element elementor-element-00ce5aa elementor-widget__width-initial elementor-widget elementor-widget-image\" data-id=\"00ce5aa\" data-element_type=\"widget\" data-e-type=\"widget\" data-widget_type=\"image.default\">\n\t\t\t\t<div class=\"elementor-widget-container\">\n\t\t\t\t\t\t\t\t\t\t\t\t\t\t\t<img loading=\"lazy\" decoding=\"async\" width=\"800\" height=\"534\" src=\"https:\/\/aerosolsolution.com\/wp-content\/uploads\/2025\/05\/ChatGPT-Image-22-maj-2025-19_14_53-1024x683.png\" class=\"attachment-large size-large wp-image-259\" alt=\"Metalowy zaw\u00f3r do puszki aerozolu\" srcset=\"https:\/\/aerosolsolution.com\/wp-content\/uploads\/2025\/05\/ChatGPT-Image-22-maj-2025-19_14_53-1024x683.png 1024w, https:\/\/aerosolsolution.com\/wp-content\/uploads\/2025\/05\/ChatGPT-Image-22-maj-2025-19_14_53-300x200.png 300w, https:\/\/aerosolsolution.com\/wp-content\/uploads\/2025\/05\/ChatGPT-Image-22-maj-2025-19_14_53-768x512.png 768w, https:\/\/aerosolsolution.com\/wp-content\/uploads\/2025\/05\/ChatGPT-Image-22-maj-2025-19_14_53.png 1536w\" sizes=\"(max-width: 800px) 100vw, 800px\" \/>\t\t\t\t\t\t\t\t\t\t\t\t\t\t\t<\/div>\n\t\t\t\t<\/div>\n\t\t\t\t<\/div>\n\t\t<div class=\"elementor-element elementor-element-892e6f9 e-con-full section-container e-flex e-con e-child\" data-id=\"892e6f9\" data-element_type=\"container\" data-e-type=\"container\">\n\t\t\t\t<div class=\"elementor-element elementor-element-73c1a17 elementor-widget__width-initial elementor-widget elementor-widget-image\" data-id=\"73c1a17\" data-element_type=\"widget\" data-e-type=\"widget\" data-widget_type=\"image.default\">\n\t\t\t\t<div class=\"elementor-widget-container\">\n\t\t\t\t\t\t\t\t\t\t\t\t\t\t\t<img loading=\"lazy\" decoding=\"async\" width=\"800\" height=\"534\" src=\"https:\/\/aerosolsolution.com\/wp-content\/uploads\/2025\/05\/ChatGPT-Image-22-maj-2025-19_31_37-1024x683.png\" class=\"attachment-large size-large wp-image-260\" alt=\"Dwoje pracownik\u00f3w omawia dokumentacj\u0119 \u2013 kobieta w musztardowej koszuli i m\u0119\u017cczyzna z brod\u0105 w okularach\" srcset=\"https:\/\/aerosolsolution.com\/wp-content\/uploads\/2025\/05\/ChatGPT-Image-22-maj-2025-19_31_37-1024x683.png 1024w, https:\/\/aerosolsolution.com\/wp-content\/uploads\/2025\/05\/ChatGPT-Image-22-maj-2025-19_31_37-300x200.png 300w, https:\/\/aerosolsolution.com\/wp-content\/uploads\/2025\/05\/ChatGPT-Image-22-maj-2025-19_31_37-768x512.png 768w, https:\/\/aerosolsolution.com\/wp-content\/uploads\/2025\/05\/ChatGPT-Image-22-maj-2025-19_31_37.png 1536w\" sizes=\"(max-width: 800px) 100vw, 800px\" \/>\t\t\t\t\t\t\t\t\t\t\t\t\t\t\t<\/div>\n\t\t\t\t<\/div>\n\t\t<div class=\"elementor-element elementor-element-065f1bf e-con-full section-text-container e-flex e-con e-child\" data-id=\"065f1bf\" data-element_type=\"container\" data-e-type=\"container\" data-settings=\"{&quot;background_background&quot;:&quot;classic&quot;}\">\n\t\t\t\t<div class=\"elementor-element elementor-element-a107e1a capitalized-heading elementor-widget elementor-widget-heading\" data-id=\"a107e1a\" data-element_type=\"widget\" data-e-type=\"widget\" data-widget_type=\"heading.default\">\n\t\t\t\t<div class=\"elementor-widget-container\">\n\t\t\t\t\t<h2 class=\"elementor-heading-title elementor-size-default\">Consulting and technical support<\/h2>\t\t\t\t<\/div>\n\t\t\t\t<\/div>\n\t\t\t\t<div class=\"elementor-element elementor-element-153ea96 elementor-widget elementor-widget-text-editor\" data-id=\"153ea96\" data-element_type=\"widget\" data-e-type=\"widget\" data-widget_type=\"text-editor.default\">\n\t\t\t\t<div class=\"elementor-widget-container\">\n\t\t\t\t\t\t\t\t\t<p>We assist at every stage \u2014 from selecting packaging and valves to optimizing the formulation and production. We collaborate with trusted suppliers and provide technical support and consultations to ensure the final product meets all expectations.<\/p>\t\t\t\t\t\t\t\t<\/div>\n\t\t\t\t<\/div>\n\t\t\t\t<\/div>\n\t\t\t\t<\/div>\n\t\t<div class=\"elementor-element elementor-element-d8d1d95 e-con-full section-container e-flex e-con e-child\" data-id=\"d8d1d95\" data-element_type=\"container\" data-e-type=\"container\">\n\t\t<div class=\"elementor-element elementor-element-f3ba3e9 e-con-full section-text-container e-flex e-con e-child\" data-id=\"f3ba3e9\" data-element_type=\"container\" data-e-type=\"container\" data-settings=\"{&quot;background_background&quot;:&quot;classic&quot;}\">\n\t\t\t\t<div class=\"elementor-element elementor-element-f11315b capitalized-heading elementor-widget elementor-widget-heading\" data-id=\"f11315b\" data-element_type=\"widget\" data-e-type=\"widget\" data-widget_type=\"heading.default\">\n\t\t\t\t<div class=\"elementor-widget-container\">\n\t\t\t\t\t<h2 class=\"elementor-heading-title elementor-size-default\">Assistance with label and graphic design<\/h2>\t\t\t\t<\/div>\n\t\t\t\t<\/div>\n\t\t\t\t<div class=\"elementor-element elementor-element-91ec694 elementor-widget elementor-widget-text-editor\" data-id=\"91ec694\" data-element_type=\"widget\" data-e-type=\"widget\" data-widget_type=\"text-editor.default\">\n\t\t\t\t<div class=\"elementor-widget-container\">\n\t\t\t\t\t\t\t\t\t<p>We also support brands visually \u2014 advising on graphic design and working closely with trusted studios. We can help you prepare labels, packaging designs, or complete visual identity for your product.<\/p>\t\t\t\t\t\t\t\t<\/div>\n\t\t\t\t<\/div>\n\t\t\t\t<\/div>\n\t\t\t\t<div class=\"elementor-element elementor-element-6a5bbb0 elementor-widget__width-initial elementor-widget elementor-widget-image\" data-id=\"6a5bbb0\" data-element_type=\"widget\" data-e-type=\"widget\" data-widget_type=\"image.default\">\n\t\t\t\t<div class=\"elementor-widget-container\">\n\t\t\t\t\t\t\t\t\t\t\t\t\t\t\t<img loading=\"lazy\" decoding=\"async\" width=\"800\" height=\"518\" src=\"https:\/\/aerosolsolution.com\/wp-content\/uploads\/2025\/05\/graphic-designer-making-logo-notebook-1024x663.png\" class=\"attachment-large size-large wp-image-265\" alt=\"\" srcset=\"https:\/\/aerosolsolution.com\/wp-content\/uploads\/2025\/05\/graphic-designer-making-logo-notebook-1024x663.png 1024w, https:\/\/aerosolsolution.com\/wp-content\/uploads\/2025\/05\/graphic-designer-making-logo-notebook-300x194.png 300w, https:\/\/aerosolsolution.com\/wp-content\/uploads\/2025\/05\/graphic-designer-making-logo-notebook-768x497.png 768w, https:\/\/aerosolsolution.com\/wp-content\/uploads\/2025\/05\/graphic-designer-making-logo-notebook-1536x994.png 1536w, https:\/\/aerosolsolution.com\/wp-content\/uploads\/2025\/05\/graphic-designer-making-logo-notebook-2048x1325.png 2048w\" sizes=\"(max-width: 800px) 100vw, 800px\" \/>\t\t\t\t\t\t\t\t\t\t\t\t\t\t\t<\/div>\n\t\t\t\t<\/div>\n\t\t\t\t<\/div>\n\t\t\t\t\t<\/div>\n\t\t\t\t<\/div>\n\t\t\t\t<\/div>","protected":false},"excerpt":{"rendered":"<p>Zajmiemy si\u0119 wszystkim \u2014 od receptury po gotowy produkt Wspieramy marki na ka\u017cdym etapie rozwoju produktu \u2014 od stworzenia sk\u0142adu, przez dob\u00f3r komponent\u00f3w i opakowa\u0144, a\u017c po nape\u0142nianie, etykietowanie i wsparcie graficzne. Nasza oferta to elastyczno\u015b\u0107, bezpiecze\u0144stwo i precyzja \u2013 wszystko w jednym miejscu. Indywidualne opracowanie formu\u0142 Tworzymy formu\u0142y dopasowane do indywidualnych potrzeb klienta \u2013 [&hellip;]<\/p>\n","protected":false},"author":1,"featured_media":0,"parent":0,"menu_order":0,"comment_status":"closed","ping_status":"closed","template":"","meta":{"footnotes":""},"class_list":["post-30","page","type-page","status-publish","hentry"],"_links":{"self":[{"href":"https:\/\/aerosolsolution.com\/en\/wp-json\/wp\/v2\/pages\/30","targetHints":{"allow":["GET"]}}],"collection":[{"href":"https:\/\/aerosolsolution.com\/en\/wp-json\/wp\/v2\/pages"}],"about":[{"href":"https:\/\/aerosolsolution.com\/en\/wp-json\/wp\/v2\/types\/page"}],"author":[{"embeddable":true,"href":"https:\/\/aerosolsolution.com\/en\/wp-json\/wp\/v2\/users\/1"}],"replies":[{"embeddable":true,"href":"https:\/\/aerosolsolution.com\/en\/wp-json\/wp\/v2\/comments?post=30"}],"version-history":[{"count":34,"href":"https:\/\/aerosolsolution.com\/en\/wp-json\/wp\/v2\/pages\/30\/revisions"}],"predecessor-version":[{"id":962,"href":"https:\/\/aerosolsolution.com\/en\/wp-json\/wp\/v2\/pages\/30\/revisions\/962"}],"wp:attachment":[{"href":"https:\/\/aerosolsolution.com\/en\/wp-json\/wp\/v2\/media?parent=30"}],"curies":[{"name":"wp","href":"https:\/\/api.w.org\/{rel}","templated":true}]}}