{"id":34,"date":"2025-05-15T16:09:55","date_gmt":"2025-05-15T14:09:55","guid":{"rendered":"https:\/\/epaccoaerosolsolution.com\/?page_id=34"},"modified":"2026-02-25T15:05:11","modified_gmt":"2026-02-25T14:05:11","slug":"contact","status":"publish","type":"page","link":"https:\/\/aerosolsolution.com\/en\/contact\/","title":{"rendered":"Contact"},"content":{"rendered":"<div data-elementor-type=\"wp-page\" data-elementor-id=\"34\" class=\"elementor elementor-34\" data-elementor-post-type=\"page\">\n\t\t\t\t<div class=\"elementor-element elementor-element-55f2d1d e-flex e-con-boxed e-con e-parent\" data-id=\"55f2d1d\" data-element_type=\"container\" data-e-type=\"container\">\n\t\t\t\t\t<div class=\"e-con-inner\">\n\t\t<div class=\"elementor-element elementor-element-913fffc e-con-full business-card e-flex e-con e-child\" data-id=\"913fffc\" data-element_type=\"container\" data-e-type=\"container\">\n\t\t<div class=\"elementor-element elementor-element-6dbfbdf e-con-full e-flex e-con e-child\" data-id=\"6dbfbdf\" data-element_type=\"container\" data-e-type=\"container\">\n\t\t\t\t<div class=\"elementor-element elementor-element-9470720 elementor-widget elementor-widget-theme-site-logo elementor-widget-image\" data-id=\"9470720\" data-element_type=\"widget\" data-e-type=\"widget\" data-widget_type=\"theme-site-logo.default\">\n\t\t\t\t<div class=\"elementor-widget-container\">\n\t\t\t\t\t\t\t\t\t\t\t<img decoding=\"async\" width=\"300\" height=\"94\" src=\"https:\/\/aerosolsolution.com\/wp-content\/uploads\/2025\/05\/logo.svg\" class=\"attachment-medium size-medium wp-image-80\" alt=\"ePACCO company logo \u2013 aerosol manufacturer\" \/>\t\t\t\t\t\t\t\t\t\t\t\t<\/div>\n\t\t\t\t<\/div>\n\t\t\t\t<div class=\"elementor-element elementor-element-7b3440c elementor-widget elementor-widget-text-editor\" data-id=\"7b3440c\" data-element_type=\"widget\" data-e-type=\"widget\" data-widget_type=\"text-editor.default\">\n\t\t\t\t<div class=\"elementor-widget-container\">\n\t\t\t\t\t\t\t\t\tePacco sp. z o.o.<br \/>\n02-001 Warszawa<br \/>\nAl. Jerozolimskie 81\/7.10<br \/>\n<br \/>\nNIP: 9542818782<br \/>\nREGON: 38714768300000<br \/>\nKRS: 0000862281\t\t\t\t\t\t\t\t<\/div>\n\t\t\t\t<\/div>\n\t\t\t\t<\/div>\n\t\t\t\t<div class=\"elementor-element elementor-element-ecd6e65 elementor-absolute e-transform elementor-hidden-mobile elementor-widget elementor-widget-image\" data-id=\"ecd6e65\" data-element_type=\"widget\" data-e-type=\"widget\" data-settings=\"{&quot;_position&quot;:&quot;absolute&quot;,&quot;_transform_rotateZ_effect&quot;:{&quot;unit&quot;:&quot;px&quot;,&quot;size&quot;:-30,&quot;sizes&quot;:[]},&quot;_transform_rotateZ_effect_tablet&quot;:{&quot;unit&quot;:&quot;deg&quot;,&quot;size&quot;:&quot;&quot;,&quot;sizes&quot;:[]},&quot;_transform_rotateZ_effect_mobile&quot;:{&quot;unit&quot;:&quot;deg&quot;,&quot;size&quot;:&quot;&quot;,&quot;sizes&quot;:[]}}\" data-widget_type=\"image.default\">\n\t\t\t\t<div class=\"elementor-widget-container\">\n\t\t\t\t\t\t\t\t\t\t\t\t\t\t\t<img fetchpriority=\"high\" decoding=\"async\" width=\"250\" height=\"958\" src=\"https:\/\/aerosolsolution.com\/wp-content\/uploads\/2025\/05\/puszka-1.png\" class=\"attachment-medium_large size-medium_large wp-image-328\" alt=\"Bia\u0142a, niezadrukowana puszka aerozolu z plastikowym atomizerem\" srcset=\"https:\/\/aerosolsolution.com\/wp-content\/uploads\/2025\/05\/puszka-1.png 250w, https:\/\/aerosolsolution.com\/wp-content\/uploads\/2025\/05\/puszka-1-78x300.png 78w\" sizes=\"(max-width: 250px) 100vw, 250px\" \/>\t\t\t\t\t\t\t\t\t\t\t\t\t\t\t<\/div>\n\t\t\t\t<\/div>\n\t\t\t\t<\/div>\n\t\t<div class=\"elementor-element elementor-element-5f8239a e-con-full e-flex e-con e-child\" data-id=\"5f8239a\" data-element_type=\"container\" data-e-type=\"container\">\n\t\t\t\t<div class=\"elementor-element elementor-element-e29593f elementor-widget elementor-widget-heading\" data-id=\"e29593f\" data-element_type=\"widget\" data-e-type=\"widget\" data-widget_type=\"heading.default\">\n\t\t\t\t<div class=\"elementor-widget-container\">\n\t\t\t\t\t<h1 class=\"elementor-heading-title elementor-size-default\">Contact us<\/h1>\t\t\t\t<\/div>\n\t\t\t\t<\/div>\n\t\t<div class=\"elementor-element elementor-element-1938554 e-con-full e-flex e-con e-child\" data-id=\"1938554\" data-element_type=\"container\" data-e-type=\"container\">\n\t\t<div class=\"elementor-element elementor-element-8bec54e e-con-full e-flex e-con e-child\" data-id=\"8bec54e\" data-element_type=\"container\" data-e-type=\"container\">\n\t\t\t\t<div class=\"elementor-element elementor-element-bb92745 elementor-widget elementor-widget-text-editor\" data-id=\"bb92745\" data-element_type=\"widget\" data-e-type=\"widget\" data-widget_type=\"text-editor.default\">\n\t\t\t\t<div class=\"elementor-widget-container\">\n\t\t\t\t\t\t\t\t\t<p>Call us at:<\/p>\t\t\t\t\t\t\t\t<\/div>\n\t\t\t\t<\/div>\n\t\t\t\t<div class=\"elementor-element elementor-element-c0838de elementor-align-center elementor-widget elementor-widget-button\" data-id=\"c0838de\" data-element_type=\"widget\" data-e-type=\"widget\" data-widget_type=\"button.default\">\n\t\t\t\t<div class=\"elementor-widget-container\">\n\t\t\t\t\t\t\t\t\t<div class=\"elementor-button-wrapper\">\n\t\t\t\t\t<a class=\"elementor-button elementor-button-link elementor-size-sm\" href=\"tel:+48730700096\">\n\t\t\t\t\t\t<span class=\"elementor-button-content-wrapper\">\n\t\t\t\t\t\t\t\t\t<span class=\"elementor-button-text\">+48 730 700 096<\/span>\n\t\t\t\t\t<\/span>\n\t\t\t\t\t<\/a>\n\t\t\t\t<\/div>\n\t\t\t\t\t\t\t\t<\/div>\n\t\t\t\t<\/div>\n\t\t\t\t<\/div>\n\t\t<div class=\"elementor-element elementor-element-2e2bfea e-con-full e-flex e-con e-child\" data-id=\"2e2bfea\" data-element_type=\"container\" data-e-type=\"container\">\n\t\t\t\t<div class=\"elementor-element elementor-element-7f17312 elementor-widget elementor-widget-text-editor\" data-id=\"7f17312\" data-element_type=\"widget\" data-e-type=\"widget\" data-widget_type=\"text-editor.default\">\n\t\t\t\t<div class=\"elementor-widget-container\">\n\t\t\t\t\t\t\t\t\t<p>or send a message to:<\/p>\t\t\t\t\t\t\t\t<\/div>\n\t\t\t\t<\/div>\n\t\t\t\t<div class=\"elementor-element elementor-element-1b83cc9 elementor-align-center elementor-widget elementor-widget-button\" data-id=\"1b83cc9\" data-element_type=\"widget\" data-e-type=\"widget\" data-widget_type=\"button.default\">\n\t\t\t\t<div class=\"elementor-widget-container\">\n\t\t\t\t\t\t\t\t\t<div class=\"elementor-button-wrapper\">\n\t\t\t\t\t<a class=\"elementor-button elementor-button-link elementor-size-sm\" href=\"mailto:info@aerosolsolution.com%20\">\n\t\t\t\t\t\t<span class=\"elementor-button-content-wrapper\">\n\t\t\t\t\t\t\t\t\t<span class=\"elementor-button-text\">info@aerosolsolution.com <\/span>\n\t\t\t\t\t<\/span>\n\t\t\t\t\t<\/a>\n\t\t\t\t<\/div>\n\t\t\t\t\t\t\t\t<\/div>\n\t\t\t\t<\/div>\n\t\t\t\t<\/div>\n\t\t\t\t<\/div>\n\t\t\t\t<\/div>\n\t\t\t\t\t<\/div>\n\t\t\t\t<\/div>\n\t\t<div class=\"elementor-element elementor-element-44e4cf8 e-flex e-con-boxed e-con e-parent\" data-id=\"44e4cf8\" data-element_type=\"container\" data-e-type=\"container\">\n\t\t\t\t\t<div class=\"e-con-inner\">\n\t\t<div class=\"elementor-element elementor-element-2774332 e-con-full e-flex e-con e-child\" data-id=\"2774332\" data-element_type=\"container\" data-e-type=\"container\" data-settings=\"{&quot;background_background&quot;:&quot;classic&quot;}\">\n\t\t<div class=\"elementor-element elementor-element-c193269 e-con-full e-flex e-con e-child\" data-id=\"c193269\" data-element_type=\"container\" data-e-type=\"container\">\n\t\t<div class=\"elementor-element elementor-element-de99d0c e-con-full e-flex e-con e-child\" data-id=\"de99d0c\" data-element_type=\"container\" data-e-type=\"container\">\n\t\t\t\t<div class=\"elementor-element elementor-element-0f6c5d3 elementor-widget elementor-widget-heading\" data-id=\"0f6c5d3\" data-element_type=\"widget\" data-e-type=\"widget\" data-widget_type=\"heading.default\">\n\t\t\t\t<div class=\"elementor-widget-container\">\n\t\t\t\t\t<h2 class=\"elementor-heading-title elementor-size-default\">Write to us<\/h2>\t\t\t\t<\/div>\n\t\t\t\t<\/div>\n\t\t\t\t<div class=\"elementor-element elementor-element-92f646d elementor-widget elementor-widget-text-editor\" data-id=\"92f646d\" data-element_type=\"widget\" data-e-type=\"widget\" data-widget_type=\"text-editor.default\">\n\t\t\t\t<div class=\"elementor-widget-container\">\n\t\t\t\t\t\t\t\t\t<p>Do you have questions about our offer, products, or cooperation? Write to us \u2014 our team will be happy to provide detailed information and help you find the right solution.<\/p>\t\t\t\t\t\t\t\t<\/div>\n\t\t\t\t<\/div>\n\t\t\t\t<\/div>\n\t\t\t\t<div class=\"elementor-element elementor-element-985e20c elementor-hidden-tablet elementor-hidden-mobile elementor-widget elementor-widget-image\" data-id=\"985e20c\" data-element_type=\"widget\" data-e-type=\"widget\" data-widget_type=\"image.default\">\n\t\t\t\t<div class=\"elementor-widget-container\">\n\t\t\t\t\t\t\t\t\t\t\t\t\t\t\t<img decoding=\"async\" width=\"800\" height=\"534\" src=\"https:\/\/aerosolsolution.com\/wp-content\/uploads\/2025\/05\/close-up-person-working-call-center-1024x683.jpg\" class=\"attachment-large size-large wp-image-348\" alt=\"Zbli\u017cenie na r\u0119k\u0119 si\u0119gaj\u0105c\u0105 po s\u0142uchawk\u0119 telefonu biurowego na stanowisku obs\u0142ugi klienta\" srcset=\"https:\/\/aerosolsolution.com\/wp-content\/uploads\/2025\/05\/close-up-person-working-call-center-1024x683.jpg 1024w, https:\/\/aerosolsolution.com\/wp-content\/uploads\/2025\/05\/close-up-person-working-call-center-300x200.jpg 300w, https:\/\/aerosolsolution.com\/wp-content\/uploads\/2025\/05\/close-up-person-working-call-center-768x512.jpg 768w, https:\/\/aerosolsolution.com\/wp-content\/uploads\/2025\/05\/close-up-person-working-call-center-1536x1024.jpg 1536w, https:\/\/aerosolsolution.com\/wp-content\/uploads\/2025\/05\/close-up-person-working-call-center-2048x1365.jpg 2048w\" sizes=\"(max-width: 800px) 100vw, 800px\" \/>\t\t\t\t\t\t\t\t\t\t\t\t\t\t\t<\/div>\n\t\t\t\t<\/div>\n\t\t\t\t<\/div>\n\t\t\t\t<div class=\"elementor-element elementor-element-9e268fd elementor-widget__width-initial elementor-widget elementor-widget-shortcode\" data-id=\"9e268fd\" data-element_type=\"widget\" data-e-type=\"widget\" data-widget_type=\"shortcode.default\">\n\t\t\t\t<div class=\"elementor-widget-container\">\n\t\t\t\t\t\t\t<div class=\"elementor-shortcode\">\n<div class=\"wpcf7 no-js\" id=\"wpcf7-f332-o1\" lang=\"pl-PL\" dir=\"ltr\" data-wpcf7-id=\"332\">\n<div class=\"screen-reader-response\"><p role=\"status\" aria-live=\"polite\" aria-atomic=\"true\"><\/p> <ul><\/ul><\/div>\n<form action=\"\/en\/wp-json\/wp\/v2\/pages\/34#wpcf7-f332-o1\" method=\"post\" class=\"wpcf7-form init\" aria-label=\"Formularz kontaktowy\" novalidate=\"novalidate\" data-status=\"init\" data-trp-original-action=\"\/en\/wp-json\/wp\/v2\/pages\/34#wpcf7-f332-o1\">\n<fieldset class=\"hidden-fields-container\"><input type=\"hidden\" name=\"_wpcf7\" value=\"332\" \/><input type=\"hidden\" name=\"_wpcf7_version\" value=\"6.1.5\" \/><input type=\"hidden\" name=\"_wpcf7_locale\" value=\"pl_PL\" \/><input type=\"hidden\" name=\"_wpcf7_unit_tag\" value=\"wpcf7-f332-o1\" \/><input type=\"hidden\" name=\"_wpcf7_container_post\" value=\"0\" \/><input type=\"hidden\" name=\"_wpcf7_posted_data_hash\" value=\"\" \/><input type=\"hidden\" name=\"_wpcf7_recaptcha_response\" value=\"\" \/>\n<\/fieldset>\n<div class=\"contact-form\">\n\t<div class=\"inline-fields\">\n\t\t<div class=\"field\">\n\t\t\t<p>Full name <span class=\"wpcf7-form-control-wrap\" data-name=\"full-name\"><input size=\"40\" maxlength=\"400\" class=\"wpcf7-form-control wpcf7-text wpcf7-validates-as-required\" aria-required=\"true\" aria-invalid=\"false\" value=\"\" type=\"text\" name=\"full-name\" \/><\/span>\n\t\t\t<\/p>\n\t\t<\/div>\n\t\t<div class=\"field\">\n\t\t\t<p>Email address <span class=\"wpcf7-form-control-wrap\" data-name=\"email-address\"><input size=\"40\" maxlength=\"400\" class=\"wpcf7-form-control wpcf7-email wpcf7-validates-as-required wpcf7-text wpcf7-validates-as-email\" aria-required=\"true\" aria-invalid=\"false\" value=\"\" type=\"email\" name=\"email-address\" \/><\/span>\n\t\t\t<\/p>\n\t\t<\/div>\n\t<\/div>\n\t<div class=\"field\">\n\t\t<p>Subject <span class=\"wpcf7-form-control-wrap\" data-name=\"subject\"><input size=\"40\" maxlength=\"400\" class=\"wpcf7-form-control wpcf7-text wpcf7-validates-as-required\" aria-required=\"true\" aria-invalid=\"false\" value=\"\" type=\"text\" name=\"subject\" \/><\/span>\n\t\t<\/p>\n\t<\/div>\n\t<div class=\"field\">\n\t\t<p>Message <span class=\"wpcf7-form-control-wrap\" data-name=\"message-content\"><textarea cols=\"40\" rows=\"10\" maxlength=\"2000\" class=\"wpcf7-form-control wpcf7-textarea wpcf7-validates-as-required\" aria-required=\"true\" aria-invalid=\"false\" name=\"message-content\"><\/textarea><\/span>\n\t\t<\/p>\n\t<\/div>\n\t<p><input class=\"wpcf7-form-control wpcf7-submit has-spinner\" type=\"submit\" value=\"Send\" \/>\n\t<\/p>\n<\/div><div class=\"wpcf7-response-output\" aria-hidden=\"true\"><\/div>\n<input type=\"hidden\" name=\"trp-form-language\" value=\"en\"\/><\/form>\n<\/div>\n<\/div>\n\t\t\t\t\t\t<\/div>\n\t\t\t\t<\/div>\n\t\t\t\t<\/div>\n\t\t\t\t\t<\/div>\n\t\t\t\t<\/div>\n\t\t\t\t<\/div>","protected":false},"excerpt":{"rendered":"<p>ePacco sp. z o.o. 02-001 Warszawa Al. Jerozolimskie 81\/7.10 NIP: 9542818782 REGON: 38714768300000 KRS: 0000862281 Skontaktuj si\u0119 z nami Zadzwo\u0144 pod numer: +48 730 700 096 lub napisz wiadomo\u015b\u0107 na adres: info@aerosolsolution.com Napisz do nas Masz pytania dotycz\u0105ce naszej oferty, produkt\u00f3w lub wsp\u00f3\u0142pracy? Napisz do nas \u2013 nasz zesp\u00f3\u0142 z przyjemno\u015bci\u0105 udzieli Ci szczeg\u00f3\u0142owych informacji [&hellip;]<\/p>\n","protected":false},"author":1,"featured_media":0,"parent":0,"menu_order":0,"comment_status":"closed","ping_status":"closed","template":"","meta":{"footnotes":""},"class_list":["post-34","page","type-page","status-publish","hentry"],"_links":{"self":[{"href":"https:\/\/aerosolsolution.com\/en\/wp-json\/wp\/v2\/pages\/34","targetHints":{"allow":["GET"]}}],"collection":[{"href":"https:\/\/aerosolsolution.com\/en\/wp-json\/wp\/v2\/pages"}],"about":[{"href":"https:\/\/aerosolsolution.com\/en\/wp-json\/wp\/v2\/types\/page"}],"author":[{"embeddable":true,"href":"https:\/\/aerosolsolution.com\/en\/wp-json\/wp\/v2\/users\/1"}],"replies":[{"embeddable":true,"href":"https:\/\/aerosolsolution.com\/en\/wp-json\/wp\/v2\/comments?post=34"}],"version-history":[{"count":187,"href":"https:\/\/aerosolsolution.com\/en\/wp-json\/wp\/v2\/pages\/34\/revisions"}],"predecessor-version":[{"id":1413,"href":"https:\/\/aerosolsolution.com\/en\/wp-json\/wp\/v2\/pages\/34\/revisions\/1413"}],"wp:attachment":[{"href":"https:\/\/aerosolsolution.com\/en\/wp-json\/wp\/v2\/media?parent=34"}],"curies":[{"name":"wp","href":"https:\/\/api.w.org\/{rel}","templated":true}]}}